{"id":20,"date":"2022-11-08T17:30:23","date_gmt":"2022-11-08T16:30:23","guid":{"rendered":"https:\/\/miniwiddervomkirschbaum.de\/?page_id=20"},"modified":"2024-08-11T13:40:29","modified_gmt":"2024-08-11T12:40:29","slug":"babystube","status":"publish","type":"page","link":"https:\/\/miniwiddervomkirschbaum.de\/index.php\/babystube\/","title":{"rendered":"Aktuelle W\u00fcrfe"},"content":{"rendered":"\t\t<div data-elementor-type=\"wp-page\" data-elementor-id=\"20\" class=\"elementor elementor-20\">\n\t\t\t\t\t\t<section class=\"elementor-section elementor-top-section elementor-element elementor-element-34c2eae4 elementor-section-boxed elementor-section-height-default elementor-section-height-default\" data-id=\"34c2eae4\" data-element_type=\"section\">\n\t\t\t\t\t\t<div class=\"elementor-container elementor-column-gap-default\">\n\t\t\t\t\t<div class=\"elementor-column elementor-col-100 elementor-top-column elementor-element elementor-element-65d067f4\" data-id=\"65d067f4\" data-element_type=\"column\">\n\t\t\t<div class=\"elementor-widget-wrap elementor-element-populated\">\n\t\t\t\t\t\t<div class=\"elementor-element elementor-element-19bc8398 elementor-widget-divider--view-line_icon elementor-view-default elementor-widget-divider--element-align-center elementor-widget elementor-widget-divider\" data-id=\"19bc8398\" data-element_type=\"widget\" data-widget_type=\"divider.default\">\n\t\t\t\t<div class=\"elementor-widget-container\">\n\t\t\t<style>\/*! elementor - v3.21.0 - 26-05-2024 *\/\n.elementor-widget-divider{--divider-border-style:none;--divider-border-width:1px;--divider-color:#0c0d0e;--divider-icon-size:20px;--divider-element-spacing:10px;--divider-pattern-height:24px;--divider-pattern-size:20px;--divider-pattern-url:none;--divider-pattern-repeat:repeat-x}.elementor-widget-divider .elementor-divider{display:flex}.elementor-widget-divider .elementor-divider__text{font-size:15px;line-height:1;max-width:95%}.elementor-widget-divider .elementor-divider__element{margin:0 var(--divider-element-spacing);flex-shrink:0}.elementor-widget-divider .elementor-icon{font-size:var(--divider-icon-size)}.elementor-widget-divider .elementor-divider-separator{display:flex;margin:0;direction:ltr}.elementor-widget-divider--view-line_icon .elementor-divider-separator,.elementor-widget-divider--view-line_text .elementor-divider-separator{align-items:center}.elementor-widget-divider--view-line_icon .elementor-divider-separator:after,.elementor-widget-divider--view-line_icon .elementor-divider-separator:before,.elementor-widget-divider--view-line_text .elementor-divider-separator:after,.elementor-widget-divider--view-line_text .elementor-divider-separator:before{display:block;content:\"\";border-block-end:0;flex-grow:1;border-block-start:var(--divider-border-width) var(--divider-border-style) var(--divider-color)}.elementor-widget-divider--element-align-left .elementor-divider .elementor-divider-separator>.elementor-divider__svg:first-of-type{flex-grow:0;flex-shrink:100}.elementor-widget-divider--element-align-left .elementor-divider-separator:before{content:none}.elementor-widget-divider--element-align-left .elementor-divider__element{margin-left:0}.elementor-widget-divider--element-align-right .elementor-divider .elementor-divider-separator>.elementor-divider__svg:last-of-type{flex-grow:0;flex-shrink:100}.elementor-widget-divider--element-align-right .elementor-divider-separator:after{content:none}.elementor-widget-divider--element-align-right .elementor-divider__element{margin-right:0}.elementor-widget-divider--element-align-start .elementor-divider .elementor-divider-separator>.elementor-divider__svg:first-of-type{flex-grow:0;flex-shrink:100}.elementor-widget-divider--element-align-start .elementor-divider-separator:before{content:none}.elementor-widget-divider--element-align-start .elementor-divider__element{margin-inline-start:0}.elementor-widget-divider--element-align-end .elementor-divider .elementor-divider-separator>.elementor-divider__svg:last-of-type{flex-grow:0;flex-shrink:100}.elementor-widget-divider--element-align-end .elementor-divider-separator:after{content:none}.elementor-widget-divider--element-align-end .elementor-divider__element{margin-inline-end:0}.elementor-widget-divider:not(.elementor-widget-divider--view-line_text):not(.elementor-widget-divider--view-line_icon) .elementor-divider-separator{border-block-start:var(--divider-border-width) var(--divider-border-style) var(--divider-color)}.elementor-widget-divider--separator-type-pattern{--divider-border-style:none}.elementor-widget-divider--separator-type-pattern.elementor-widget-divider--view-line .elementor-divider-separator,.elementor-widget-divider--separator-type-pattern:not(.elementor-widget-divider--view-line) .elementor-divider-separator:after,.elementor-widget-divider--separator-type-pattern:not(.elementor-widget-divider--view-line) .elementor-divider-separator:before,.elementor-widget-divider--separator-type-pattern:not([class*=elementor-widget-divider--view]) .elementor-divider-separator{width:100%;min-height:var(--divider-pattern-height);-webkit-mask-size:var(--divider-pattern-size) 100%;mask-size:var(--divider-pattern-size) 100%;-webkit-mask-repeat:var(--divider-pattern-repeat);mask-repeat:var(--divider-pattern-repeat);background-color:var(--divider-color);-webkit-mask-image:var(--divider-pattern-url);mask-image:var(--divider-pattern-url)}.elementor-widget-divider--no-spacing{--divider-pattern-size:auto}.elementor-widget-divider--bg-round{--divider-pattern-repeat:round}.rtl .elementor-widget-divider .elementor-divider__text{direction:rtl}.e-con-inner>.elementor-widget-divider,.e-con>.elementor-widget-divider{width:var(--container-widget-width,100%);--flex-grow:var(--container-widget-flex-grow)}<\/style>\t\t<div class=\"elementor-divider\">\n\t\t\t<span class=\"elementor-divider-separator\">\n\t\t\t\t\t\t\t<div class=\"elementor-icon elementor-divider__element\">\n\t\t\t\t\t<i aria-hidden=\"true\" class=\"fas fa-heart\"><\/i><\/div>\n\t\t\t\t\t\t<\/span>\n\t\t<\/div>\n\t\t\t\t<\/div>\n\t\t\t\t<\/div>\n\t\t\t\t\t<\/div>\n\t\t<\/div>\n\t\t\t\t\t<\/div>\n\t\t<\/section>\n\t\t\t\t<\/div>\n\t\t","protected":false},"excerpt":{"rendered":"","protected":false},"author":1,"featured_media":0,"parent":0,"menu_order":0,"comment_status":"closed","ping_status":"closed","template":"","meta":{"footnotes":""},"yoast_head":"<!-- This site is optimized with the Yoast SEO plugin v22.8 - https:\/\/yoast.com\/wordpress\/plugins\/seo\/ -->\n<title>Aktuelle W\u00fcrfe - Miniwidder vom Kirschbaum<\/title>\n<meta name=\"description\" content=\"S\u00fc\u00dfe typvolle Miniwidder bzw. Minilops aus liebevoller und artgerechter Zucht. Bei Abgabe besonders zahm und menschenbezogen.\" \/>\n<meta name=\"robots\" content=\"index, follow, max-snippet:-1, max-image-preview:large, max-video-preview:-1\" \/>\n<link rel=\"canonical\" href=\"https:\/\/miniwiddervomkirschbaum.de\/index.php\/babystube\/\" \/>\n<meta property=\"og:locale\" content=\"de_DE\" \/>\n<meta property=\"og:type\" content=\"article\" \/>\n<meta property=\"og:title\" content=\"Aktuelle W\u00fcrfe - Miniwidder vom Kirschbaum\" \/>\n<meta property=\"og:description\" content=\"S\u00fc\u00dfe typvolle Miniwidder bzw. Minilops aus liebevoller und artgerechter Zucht. Bei Abgabe besonders zahm und menschenbezogen.\" \/>\n<meta property=\"og:url\" content=\"https:\/\/miniwiddervomkirschbaum.de\/index.php\/babystube\/\" \/>\n<meta property=\"og:site_name\" content=\"Miniwidder vom Kirschbaum\" \/>\n<meta property=\"article:modified_time\" content=\"2024-08-11T12:40:29+00:00\" \/>\n<meta name=\"twitter:card\" content=\"summary_large_image\" \/>\n<script type=\"application\/ld+json\" class=\"yoast-schema-graph\">{\"@context\":\"https:\/\/schema.org\",\"@graph\":[{\"@type\":\"WebPage\",\"@id\":\"https:\/\/miniwiddervomkirschbaum.de\/index.php\/babystube\/\",\"url\":\"https:\/\/miniwiddervomkirschbaum.de\/index.php\/babystube\/\",\"name\":\"Aktuelle W\u00fcrfe - Miniwidder vom Kirschbaum\",\"isPartOf\":{\"@id\":\"https:\/\/miniwiddervomkirschbaum.de\/#website\"},\"datePublished\":\"2022-11-08T16:30:23+00:00\",\"dateModified\":\"2024-08-11T12:40:29+00:00\",\"description\":\"S\u00fc\u00dfe typvolle Miniwidder bzw. Minilops aus liebevoller und artgerechter Zucht. Bei Abgabe besonders zahm und menschenbezogen.\",\"breadcrumb\":{\"@id\":\"https:\/\/miniwiddervomkirschbaum.de\/index.php\/babystube\/#breadcrumb\"},\"inLanguage\":\"de\",\"potentialAction\":[{\"@type\":\"ReadAction\",\"target\":[\"https:\/\/miniwiddervomkirschbaum.de\/index.php\/babystube\/\"]}]},{\"@type\":\"BreadcrumbList\",\"@id\":\"https:\/\/miniwiddervomkirschbaum.de\/index.php\/babystube\/#breadcrumb\",\"itemListElement\":[{\"@type\":\"ListItem\",\"position\":1,\"name\":\"Startseite\",\"item\":\"https:\/\/miniwiddervomkirschbaum.de\/\"},{\"@type\":\"ListItem\",\"position\":2,\"name\":\"Aktuelle W\u00fcrfe\"}]},{\"@type\":\"WebSite\",\"@id\":\"https:\/\/miniwiddervomkirschbaum.de\/#website\",\"url\":\"https:\/\/miniwiddervomkirschbaum.de\/\",\"name\":\"Miniwidder vom Kirschbaum\",\"description\":\"Miniwidder aus Th\u00fcringen\",\"publisher\":{\"@id\":\"https:\/\/miniwiddervomkirschbaum.de\/#organization\"},\"potentialAction\":[{\"@type\":\"SearchAction\",\"target\":{\"@type\":\"EntryPoint\",\"urlTemplate\":\"https:\/\/miniwiddervomkirschbaum.de\/?s={search_term_string}\"},\"query-input\":\"required name=search_term_string\"}],\"inLanguage\":\"de\"},{\"@type\":\"Organization\",\"@id\":\"https:\/\/miniwiddervomkirschbaum.de\/#organization\",\"name\":\"Miniwidder vom Kirschbaum\",\"url\":\"https:\/\/miniwiddervomkirschbaum.de\/\",\"logo\":{\"@type\":\"ImageObject\",\"inLanguage\":\"de\",\"@id\":\"https:\/\/miniwiddervomkirschbaum.de\/#\/schema\/logo\/image\/\",\"url\":\"https:\/\/miniwiddervomkirschbaum.de\/wp-content\/uploads\/2022\/11\/Kirschbaum-Logo-1.webp\",\"contentUrl\":\"https:\/\/miniwiddervomkirschbaum.de\/wp-content\/uploads\/2022\/11\/Kirschbaum-Logo-1.webp\",\"width\":619,\"height\":298,\"caption\":\"Miniwidder vom Kirschbaum\"},\"image\":{\"@id\":\"https:\/\/miniwiddervomkirschbaum.de\/#\/schema\/logo\/image\/\"},\"sameAs\":[\"https:\/\/instagram.de\/miniwidder_vom_kirschbaum\"]}]}<\/script>\n<!-- \/ Yoast SEO plugin. -->","yoast_head_json":{"title":"Aktuelle W\u00fcrfe - Miniwidder vom Kirschbaum","description":"S\u00fc\u00dfe typvolle Miniwidder bzw. Minilops aus liebevoller und artgerechter Zucht. Bei Abgabe besonders zahm und menschenbezogen.","robots":{"index":"index","follow":"follow","max-snippet":"max-snippet:-1","max-image-preview":"max-image-preview:large","max-video-preview":"max-video-preview:-1"},"canonical":"https:\/\/miniwiddervomkirschbaum.de\/index.php\/babystube\/","og_locale":"de_DE","og_type":"article","og_title":"Aktuelle W\u00fcrfe - Miniwidder vom Kirschbaum","og_description":"S\u00fc\u00dfe typvolle Miniwidder bzw. Minilops aus liebevoller und artgerechter Zucht. Bei Abgabe besonders zahm und menschenbezogen.","og_url":"https:\/\/miniwiddervomkirschbaum.de\/index.php\/babystube\/","og_site_name":"Miniwidder vom Kirschbaum","article_modified_time":"2024-08-11T12:40:29+00:00","twitter_card":"summary_large_image","schema":{"@context":"https:\/\/schema.org","@graph":[{"@type":"WebPage","@id":"https:\/\/miniwiddervomkirschbaum.de\/index.php\/babystube\/","url":"https:\/\/miniwiddervomkirschbaum.de\/index.php\/babystube\/","name":"Aktuelle W\u00fcrfe - Miniwidder vom Kirschbaum","isPartOf":{"@id":"https:\/\/miniwiddervomkirschbaum.de\/#website"},"datePublished":"2022-11-08T16:30:23+00:00","dateModified":"2024-08-11T12:40:29+00:00","description":"S\u00fc\u00dfe typvolle Miniwidder bzw. Minilops aus liebevoller und artgerechter Zucht. Bei Abgabe besonders zahm und menschenbezogen.","breadcrumb":{"@id":"https:\/\/miniwiddervomkirschbaum.de\/index.php\/babystube\/#breadcrumb"},"inLanguage":"de","potentialAction":[{"@type":"ReadAction","target":["https:\/\/miniwiddervomkirschbaum.de\/index.php\/babystube\/"]}]},{"@type":"BreadcrumbList","@id":"https:\/\/miniwiddervomkirschbaum.de\/index.php\/babystube\/#breadcrumb","itemListElement":[{"@type":"ListItem","position":1,"name":"Startseite","item":"https:\/\/miniwiddervomkirschbaum.de\/"},{"@type":"ListItem","position":2,"name":"Aktuelle W\u00fcrfe"}]},{"@type":"WebSite","@id":"https:\/\/miniwiddervomkirschbaum.de\/#website","url":"https:\/\/miniwiddervomkirschbaum.de\/","name":"Miniwidder vom Kirschbaum","description":"Miniwidder aus Th\u00fcringen","publisher":{"@id":"https:\/\/miniwiddervomkirschbaum.de\/#organization"},"potentialAction":[{"@type":"SearchAction","target":{"@type":"EntryPoint","urlTemplate":"https:\/\/miniwiddervomkirschbaum.de\/?s={search_term_string}"},"query-input":"required name=search_term_string"}],"inLanguage":"de"},{"@type":"Organization","@id":"https:\/\/miniwiddervomkirschbaum.de\/#organization","name":"Miniwidder vom Kirschbaum","url":"https:\/\/miniwiddervomkirschbaum.de\/","logo":{"@type":"ImageObject","inLanguage":"de","@id":"https:\/\/miniwiddervomkirschbaum.de\/#\/schema\/logo\/image\/","url":"https:\/\/miniwiddervomkirschbaum.de\/wp-content\/uploads\/2022\/11\/Kirschbaum-Logo-1.webp","contentUrl":"https:\/\/miniwiddervomkirschbaum.de\/wp-content\/uploads\/2022\/11\/Kirschbaum-Logo-1.webp","width":619,"height":298,"caption":"Miniwidder vom Kirschbaum"},"image":{"@id":"https:\/\/miniwiddervomkirschbaum.de\/#\/schema\/logo\/image\/"},"sameAs":["https:\/\/instagram.de\/miniwidder_vom_kirschbaum"]}]}},"_links":{"self":[{"href":"https:\/\/miniwiddervomkirschbaum.de\/index.php\/wp-json\/wp\/v2\/pages\/20"}],"collection":[{"href":"https:\/\/miniwiddervomkirschbaum.de\/index.php\/wp-json\/wp\/v2\/pages"}],"about":[{"href":"https:\/\/miniwiddervomkirschbaum.de\/index.php\/wp-json\/wp\/v2\/types\/page"}],"author":[{"embeddable":true,"href":"https:\/\/miniwiddervomkirschbaum.de\/index.php\/wp-json\/wp\/v2\/users\/1"}],"replies":[{"embeddable":true,"href":"https:\/\/miniwiddervomkirschbaum.de\/index.php\/wp-json\/wp\/v2\/comments?post=20"}],"version-history":[{"count":317,"href":"https:\/\/miniwiddervomkirschbaum.de\/index.php\/wp-json\/wp\/v2\/pages\/20\/revisions"}],"predecessor-version":[{"id":3317,"href":"https:\/\/miniwiddervomkirschbaum.de\/index.php\/wp-json\/wp\/v2\/pages\/20\/revisions\/3317"}],"wp:attachment":[{"href":"https:\/\/miniwiddervomkirschbaum.de\/index.php\/wp-json\/wp\/v2\/media?parent=20"}],"curies":[{"name":"wp","href":"https:\/\/api.w.org\/{rel}","templated":true}]}}