{"id":9,"date":"2022-11-08T17:26:10","date_gmt":"2022-11-08T16:26:10","guid":{"rendered":"https:\/\/miniwiddervomkirschbaum.de\/?page_id=9"},"modified":"2024-07-20T12:46:49","modified_gmt":"2024-07-20T11:46:49","slug":"9-2willkommen-kleine-zwergwidderzucht-bei-jena","status":"publish","type":"page","link":"https:\/\/miniwiddervomkirschbaum.de\/","title":{"rendered":""},"content":{"rendered":"\t\t<div data-elementor-type=\"wp-page\" data-elementor-id=\"9\" class=\"elementor elementor-9\">\n\t\t\t\t\t\t<section class=\"elementor-section elementor-top-section elementor-element elementor-element-40f26c2 elementor-section-boxed elementor-section-height-default elementor-section-height-default\" data-id=\"40f26c2\" data-element_type=\"section\">\n\t\t\t\t\t\t<div class=\"elementor-container elementor-column-gap-default\">\n\t\t\t\t\t<div class=\"elementor-column elementor-col-100 elementor-top-column elementor-element elementor-element-0f48cd4\" data-id=\"0f48cd4\" data-element_type=\"column\">\n\t\t\t<div class=\"elementor-widget-wrap elementor-element-populated\">\n\t\t\t\t\t\t<div class=\"elementor-element elementor-element-425aef4 elementor-position-left elementor-vertical-align-top elementor-widget elementor-widget-image-box\" data-id=\"425aef4\" data-element_type=\"widget\" data-widget_type=\"image-box.default\">\n\t\t\t\t<div class=\"elementor-widget-container\">\n\t\t\t<style>\/*! elementor - v3.21.0 - 26-05-2024 *\/\n.elementor-widget-image-box .elementor-image-box-content{width:100%}@media (min-width:768px){.elementor-widget-image-box.elementor-position-left .elementor-image-box-wrapper,.elementor-widget-image-box.elementor-position-right .elementor-image-box-wrapper{display:flex}.elementor-widget-image-box.elementor-position-right .elementor-image-box-wrapper{text-align:end;flex-direction:row-reverse}.elementor-widget-image-box.elementor-position-left .elementor-image-box-wrapper{text-align:start;flex-direction:row}.elementor-widget-image-box.elementor-position-top .elementor-image-box-img{margin:auto}.elementor-widget-image-box.elementor-vertical-align-top .elementor-image-box-wrapper{align-items:flex-start}.elementor-widget-image-box.elementor-vertical-align-middle .elementor-image-box-wrapper{align-items:center}.elementor-widget-image-box.elementor-vertical-align-bottom .elementor-image-box-wrapper{align-items:flex-end}}@media (max-width:767px){.elementor-widget-image-box .elementor-image-box-img{margin-left:auto!important;margin-right:auto!important;margin-bottom:15px}}.elementor-widget-image-box .elementor-image-box-img{display:inline-block}.elementor-widget-image-box .elementor-image-box-title a{color:inherit}.elementor-widget-image-box .elementor-image-box-wrapper{text-align:center}.elementor-widget-image-box .elementor-image-box-description{margin:0}<\/style><div class=\"elementor-image-box-wrapper\"><figure class=\"elementor-image-box-img\"><img decoding=\"async\" width=\"150\" height=\"150\" src=\"https:\/\/miniwiddervomkirschbaum.de\/wp-content\/uploads\/2022\/11\/kirsche-150x150.jpg\" class=\"attachment-thumbnail size-thumbnail wp-image-31\" alt=\"\" srcset=\"https:\/\/miniwiddervomkirschbaum.de\/wp-content\/uploads\/2022\/11\/kirsche-150x150.jpg 150w, https:\/\/miniwiddervomkirschbaum.de\/wp-content\/uploads\/2022\/11\/kirsche.jpg 205w\" sizes=\"(max-width: 150px) 100vw, 150px\" \/><\/figure><div class=\"elementor-image-box-content\"><h3 class=\"elementor-image-box-title\">Herzlich Willkommen bei den Miniwiddern vom Kirschbaum<\/h3><p class=\"elementor-image-box-description\">Meine kleine \"Miniwidder-Zwergwidder\" Hobbyzucht im Herzen von Th\u00fcringen.<br><br>Seit ungef\u00e4hr 15 Jahren leben wir mit unseren Zwergkaninchen in einem kleinen Dorf in der N\u00e4he von Jena. Aus 2 wurden irgendwann 4 und so weiter. Lange habe ich mich im Vorfeld mit der Kaninchenzucht besch\u00e4ftigt und mit anderen Z\u00fcchtern Freundschaften geschlossen.<br>Im Fr\u00fchjahr 2022 habe ich mit meiner kleinen artgerechten, naturnahen Miniwidder bzw. Mini Lop Zucht begonnen und mir damit einen kleinen Traum erf\u00fcllt. Es hat eine Weile gedauert, bis ich endlich richtig starten konnte, aber dann hat endlich alles gepasst. <br>Dabei ist es f\u00fcr mich sehr wichtig, dass meine Kaninchen gesund, bei Auszug sehr zahm und anh\u00e4nglich sind und einen f\u00fcr meinen Geschmack sch\u00f6nen Typ haben. Ich orientiere mich am englischen Typ, den man Mini Lop nennt.<br>Was mir bei den Miniwiddern neben ihrem \u00c4u\u00dferen noch gef\u00e4llt, ist ihre liebe und ruhige Art. F\u00fcr Kinder, aber auch Erwachsene k\u00f6nnen Miniwidder \/ Mini Lops tolle Gef\u00e4hrten werden. <br>Unterst\u00fctzt werde ich von meinem Mann, der mir handwerklich hilft und von meinen Kindern, die unsere Hasenbabys immer sch\u00f6n streicheln.<br><br>Nun w\u00fcnsche ich euch viel Spa\u00df beim St\u00f6bern!<br><\/p><\/div><\/div>\t\t<\/div>\n\t\t\t\t<\/div>\n\t\t\t\t\t<\/div>\n\t\t<\/div>\n\t\t\t\t\t<\/div>\n\t\t<\/section>\n\t\t\t\t<section class=\"elementor-section elementor-top-section elementor-element elementor-element-9f3b783 elementor-section-boxed elementor-section-height-default elementor-section-height-default\" data-id=\"9f3b783\" data-element_type=\"section\">\n\t\t\t\t\t\t<div class=\"elementor-container elementor-column-gap-default\">\n\t\t\t\t\t<div class=\"elementor-column elementor-col-100 elementor-top-column elementor-element elementor-element-037891c\" data-id=\"037891c\" data-element_type=\"column\">\n\t\t\t<div class=\"elementor-widget-wrap elementor-element-populated\">\n\t\t\t\t\t\t<div class=\"elementor-element elementor-element-595ebb3 elementor-widget elementor-widget-image\" data-id=\"595ebb3\" data-element_type=\"widget\" data-widget_type=\"image.default\">\n\t\t\t\t<div class=\"elementor-widget-container\">\n\t\t\t<style>\/*! elementor - v3.21.0 - 26-05-2024 *\/\n.elementor-widget-image{text-align:center}.elementor-widget-image a{display:inline-block}.elementor-widget-image a img[src$=\".svg\"]{width:48px}.elementor-widget-image img{vertical-align:middle;display:inline-block}<\/style>\t\t\t\t\t\t\t\t\t\t\t<a href=\"https:\/\/miniwiddervomkirschbaum.de\/wp-content\/uploads\/2023\/03\/Trixie.webp\" data-elementor-open-lightbox=\"yes\" data-e-action-hash=\"#elementor-action%3Aaction%3Dlightbox%26settings%3DeyJpZCI6MTg2MSwidXJsIjoiaHR0cHM6XC9cL21pbml3aWRkZXJ2b21raXJzY2hiYXVtLmRlXC93cC1jb250ZW50XC91cGxvYWRzXC8yMDIzXC8wM1wvVHJpeGllLndlYnAifQ%3D%3D\">\n\t\t\t\t\t\t\t<img fetchpriority=\"high\" decoding=\"async\" width=\"300\" height=\"292\" src=\"https:\/\/miniwiddervomkirschbaum.de\/wp-content\/uploads\/2023\/03\/Trixie-300x292.webp\" class=\"attachment-medium size-medium wp-image-1861\" alt=\"\" srcset=\"https:\/\/miniwiddervomkirschbaum.de\/wp-content\/uploads\/2023\/03\/Trixie-300x292.webp 300w, https:\/\/miniwiddervomkirschbaum.de\/wp-content\/uploads\/2023\/03\/Trixie-768x749.webp 768w, https:\/\/miniwiddervomkirschbaum.de\/wp-content\/uploads\/2023\/03\/Trixie.webp 1024w\" sizes=\"(max-width: 300px) 100vw, 300px\" \/>\t\t\t\t\t\t\t\t<\/a>\n\t\t\t\t\t\t\t\t\t\t\t\t\t<\/div>\n\t\t\t\t<\/div>\n\t\t\t\t\t<\/div>\n\t\t<\/div>\n\t\t\t\t\t<\/div>\n\t\t<\/section>\n\t\t\t\t<\/div>\n\t\t","protected":false},"excerpt":{"rendered":"<p>Herzlich Willkommen bei den Miniwiddern vom Kirschbaum Meine kleine &#8222;Miniwidder-Zwergwidder&#8220; Hobbyzucht im Herzen von Th\u00fcringen. Seit ungef\u00e4hr 15 Jahren leben wir mit unseren Zwergkaninchen in einem kleinen Dorf in der N\u00e4he von Jena. Aus 2 wurden irgendwann 4 und so weiter. Lange habe ich mich im Vorfeld mit der Kaninchenzucht besch\u00e4ftigt und mit anderen Z\u00fcchtern &#8230; <a title=\"\" class=\"read-more\" href=\"https:\/\/miniwiddervomkirschbaum.de\/\" aria-label=\"Mehr dazu unter \">Weiterlesen<\/a><\/p>\n","protected":false},"author":1,"featured_media":0,"parent":0,"menu_order":0,"comment_status":"closed","ping_status":"closed","template":"","meta":{"footnotes":""},"yoast_head":"<!-- This site is optimized with the Yoast SEO plugin v22.8 - https:\/\/yoast.com\/wordpress\/plugins\/seo\/ -->\n<title>- Miniwidder vom Kirschbaum<\/title>\n<meta name=\"description\" content=\"Ich betreibe eine kleine, artgerechte Hobbyzucht von Miniwiddern, Mini Lops, bzw. Zwergwiddern in Th\u00fcringen nahe Jena. Ich lege Wert auf gesunde und zutrauliche Kaninchen.\" \/>\n<meta name=\"robots\" content=\"index, follow, max-snippet:-1, max-image-preview:large, max-video-preview:-1\" \/>\n<link rel=\"canonical\" href=\"https:\/\/miniwiddervomkirschbaum.de\/\" \/>\n<meta property=\"og:locale\" content=\"de_DE\" \/>\n<meta property=\"og:type\" content=\"article\" \/>\n<meta property=\"og:title\" content=\"- Miniwidder vom Kirschbaum\" \/>\n<meta property=\"og:description\" content=\"Ich betreibe eine kleine, artgerechte Hobbyzucht von Miniwiddern, Mini Lops, bzw. Zwergwiddern in Th\u00fcringen nahe Jena. Ich lege Wert auf gesunde und zutrauliche Kaninchen.\" \/>\n<meta property=\"og:url\" content=\"https:\/\/miniwiddervomkirschbaum.de\/\" \/>\n<meta property=\"og:site_name\" content=\"Miniwidder vom Kirschbaum\" \/>\n<meta property=\"article:modified_time\" content=\"2024-07-20T11:46:49+00:00\" \/>\n<meta property=\"og:image\" content=\"https:\/\/miniwiddervomkirschbaum.de\/wp-content\/uploads\/2022\/11\/kirsche-150x150.jpg\" \/>\n<meta name=\"twitter:card\" content=\"summary_large_image\" \/>\n<meta name=\"twitter:label1\" content=\"Gesch\u00e4tzte Lesezeit\" \/>\n\t<meta name=\"twitter:data1\" content=\"2\u00a0Minuten\" \/>\n<script type=\"application\/ld+json\" class=\"yoast-schema-graph\">{\"@context\":\"https:\/\/schema.org\",\"@graph\":[{\"@type\":\"WebPage\",\"@id\":\"https:\/\/miniwiddervomkirschbaum.de\/\",\"url\":\"https:\/\/miniwiddervomkirschbaum.de\/\",\"name\":\"- Miniwidder vom Kirschbaum\",\"isPartOf\":{\"@id\":\"https:\/\/miniwiddervomkirschbaum.de\/#website\"},\"primaryImageOfPage\":{\"@id\":\"https:\/\/miniwiddervomkirschbaum.de\/#primaryimage\"},\"image\":{\"@id\":\"https:\/\/miniwiddervomkirschbaum.de\/#primaryimage\"},\"thumbnailUrl\":\"https:\/\/miniwiddervomkirschbaum.de\/wp-content\/uploads\/2022\/11\/kirsche-150x150.jpg\",\"datePublished\":\"2022-11-08T16:26:10+00:00\",\"dateModified\":\"2024-07-20T11:46:49+00:00\",\"description\":\"Ich betreibe eine kleine, artgerechte Hobbyzucht von Miniwiddern, Mini Lops, bzw. Zwergwiddern in Th\u00fcringen nahe Jena. Ich lege Wert auf gesunde und zutrauliche Kaninchen.\",\"inLanguage\":\"de\",\"potentialAction\":[{\"@type\":\"ReadAction\",\"target\":[\"https:\/\/miniwiddervomkirschbaum.de\/\"]}]},{\"@type\":\"ImageObject\",\"inLanguage\":\"de\",\"@id\":\"https:\/\/miniwiddervomkirschbaum.de\/#primaryimage\",\"url\":\"https:\/\/miniwiddervomkirschbaum.de\/wp-content\/uploads\/2022\/11\/kirsche.jpg\",\"contentUrl\":\"https:\/\/miniwiddervomkirschbaum.de\/wp-content\/uploads\/2022\/11\/kirsche.jpg\",\"width\":205,\"height\":207},{\"@type\":\"WebSite\",\"@id\":\"https:\/\/miniwiddervomkirschbaum.de\/#website\",\"url\":\"https:\/\/miniwiddervomkirschbaum.de\/\",\"name\":\"Miniwidder vom Kirschbaum\",\"description\":\"Miniwidder aus Th\u00fcringen\",\"publisher\":{\"@id\":\"https:\/\/miniwiddervomkirschbaum.de\/#organization\"},\"potentialAction\":[{\"@type\":\"SearchAction\",\"target\":{\"@type\":\"EntryPoint\",\"urlTemplate\":\"https:\/\/miniwiddervomkirschbaum.de\/?s={search_term_string}\"},\"query-input\":\"required name=search_term_string\"}],\"inLanguage\":\"de\"},{\"@type\":\"Organization\",\"@id\":\"https:\/\/miniwiddervomkirschbaum.de\/#organization\",\"name\":\"Miniwidder vom Kirschbaum\",\"url\":\"https:\/\/miniwiddervomkirschbaum.de\/\",\"logo\":{\"@type\":\"ImageObject\",\"inLanguage\":\"de\",\"@id\":\"https:\/\/miniwiddervomkirschbaum.de\/#\/schema\/logo\/image\/\",\"url\":\"https:\/\/miniwiddervomkirschbaum.de\/wp-content\/uploads\/2022\/11\/Kirschbaum-Logo-1.webp\",\"contentUrl\":\"https:\/\/miniwiddervomkirschbaum.de\/wp-content\/uploads\/2022\/11\/Kirschbaum-Logo-1.webp\",\"width\":619,\"height\":298,\"caption\":\"Miniwidder vom Kirschbaum\"},\"image\":{\"@id\":\"https:\/\/miniwiddervomkirschbaum.de\/#\/schema\/logo\/image\/\"},\"sameAs\":[\"https:\/\/instagram.de\/miniwidder_vom_kirschbaum\"]}]}<\/script>\n<!-- \/ Yoast SEO plugin. -->","yoast_head_json":{"title":"- Miniwidder vom Kirschbaum","description":"Ich betreibe eine kleine, artgerechte Hobbyzucht von Miniwiddern, Mini Lops, bzw. Zwergwiddern in Th\u00fcringen nahe Jena. Ich lege Wert auf gesunde und zutrauliche Kaninchen.","robots":{"index":"index","follow":"follow","max-snippet":"max-snippet:-1","max-image-preview":"max-image-preview:large","max-video-preview":"max-video-preview:-1"},"canonical":"https:\/\/miniwiddervomkirschbaum.de\/","og_locale":"de_DE","og_type":"article","og_title":"- Miniwidder vom Kirschbaum","og_description":"Ich betreibe eine kleine, artgerechte Hobbyzucht von Miniwiddern, Mini Lops, bzw. Zwergwiddern in Th\u00fcringen nahe Jena. Ich lege Wert auf gesunde und zutrauliche Kaninchen.","og_url":"https:\/\/miniwiddervomkirschbaum.de\/","og_site_name":"Miniwidder vom Kirschbaum","article_modified_time":"2024-07-20T11:46:49+00:00","og_image":[{"url":"https:\/\/miniwiddervomkirschbaum.de\/wp-content\/uploads\/2022\/11\/kirsche-150x150.jpg"}],"twitter_card":"summary_large_image","twitter_misc":{"Gesch\u00e4tzte Lesezeit":"2\u00a0Minuten"},"schema":{"@context":"https:\/\/schema.org","@graph":[{"@type":"WebPage","@id":"https:\/\/miniwiddervomkirschbaum.de\/","url":"https:\/\/miniwiddervomkirschbaum.de\/","name":"- Miniwidder vom Kirschbaum","isPartOf":{"@id":"https:\/\/miniwiddervomkirschbaum.de\/#website"},"primaryImageOfPage":{"@id":"https:\/\/miniwiddervomkirschbaum.de\/#primaryimage"},"image":{"@id":"https:\/\/miniwiddervomkirschbaum.de\/#primaryimage"},"thumbnailUrl":"https:\/\/miniwiddervomkirschbaum.de\/wp-content\/uploads\/2022\/11\/kirsche-150x150.jpg","datePublished":"2022-11-08T16:26:10+00:00","dateModified":"2024-07-20T11:46:49+00:00","description":"Ich betreibe eine kleine, artgerechte Hobbyzucht von Miniwiddern, Mini Lops, bzw. Zwergwiddern in Th\u00fcringen nahe Jena. Ich lege Wert auf gesunde und zutrauliche Kaninchen.","inLanguage":"de","potentialAction":[{"@type":"ReadAction","target":["https:\/\/miniwiddervomkirschbaum.de\/"]}]},{"@type":"ImageObject","inLanguage":"de","@id":"https:\/\/miniwiddervomkirschbaum.de\/#primaryimage","url":"https:\/\/miniwiddervomkirschbaum.de\/wp-content\/uploads\/2022\/11\/kirsche.jpg","contentUrl":"https:\/\/miniwiddervomkirschbaum.de\/wp-content\/uploads\/2022\/11\/kirsche.jpg","width":205,"height":207},{"@type":"WebSite","@id":"https:\/\/miniwiddervomkirschbaum.de\/#website","url":"https:\/\/miniwiddervomkirschbaum.de\/","name":"Miniwidder vom Kirschbaum","description":"Miniwidder aus Th\u00fcringen","publisher":{"@id":"https:\/\/miniwiddervomkirschbaum.de\/#organization"},"potentialAction":[{"@type":"SearchAction","target":{"@type":"EntryPoint","urlTemplate":"https:\/\/miniwiddervomkirschbaum.de\/?s={search_term_string}"},"query-input":"required name=search_term_string"}],"inLanguage":"de"},{"@type":"Organization","@id":"https:\/\/miniwiddervomkirschbaum.de\/#organization","name":"Miniwidder vom Kirschbaum","url":"https:\/\/miniwiddervomkirschbaum.de\/","logo":{"@type":"ImageObject","inLanguage":"de","@id":"https:\/\/miniwiddervomkirschbaum.de\/#\/schema\/logo\/image\/","url":"https:\/\/miniwiddervomkirschbaum.de\/wp-content\/uploads\/2022\/11\/Kirschbaum-Logo-1.webp","contentUrl":"https:\/\/miniwiddervomkirschbaum.de\/wp-content\/uploads\/2022\/11\/Kirschbaum-Logo-1.webp","width":619,"height":298,"caption":"Miniwidder vom Kirschbaum"},"image":{"@id":"https:\/\/miniwiddervomkirschbaum.de\/#\/schema\/logo\/image\/"},"sameAs":["https:\/\/instagram.de\/miniwidder_vom_kirschbaum"]}]}},"_links":{"self":[{"href":"https:\/\/miniwiddervomkirschbaum.de\/index.php\/wp-json\/wp\/v2\/pages\/9"}],"collection":[{"href":"https:\/\/miniwiddervomkirschbaum.de\/index.php\/wp-json\/wp\/v2\/pages"}],"about":[{"href":"https:\/\/miniwiddervomkirschbaum.de\/index.php\/wp-json\/wp\/v2\/types\/page"}],"author":[{"embeddable":true,"href":"https:\/\/miniwiddervomkirschbaum.de\/index.php\/wp-json\/wp\/v2\/users\/1"}],"replies":[{"embeddable":true,"href":"https:\/\/miniwiddervomkirschbaum.de\/index.php\/wp-json\/wp\/v2\/comments?post=9"}],"version-history":[{"count":81,"href":"https:\/\/miniwiddervomkirschbaum.de\/index.php\/wp-json\/wp\/v2\/pages\/9\/revisions"}],"predecessor-version":[{"id":3294,"href":"https:\/\/miniwiddervomkirschbaum.de\/index.php\/wp-json\/wp\/v2\/pages\/9\/revisions\/3294"}],"wp:attachment":[{"href":"https:\/\/miniwiddervomkirschbaum.de\/index.php\/wp-json\/wp\/v2\/media?parent=9"}],"curies":[{"name":"wp","href":"https:\/\/api.w.org\/{rel}","templated":true}]}}